{"id":1590,"date":"2025-11-20T21:36:59","date_gmt":"2025-11-20T20:36:59","guid":{"rendered":"https:\/\/www.aubout-desdoigts.com\/?page_id=1590"},"modified":"2026-02-12T11:58:39","modified_gmt":"2026-02-12T10:58:39","slug":"les-addictions","status":"publish","type":"page","link":"https:\/\/www.aubout-desdoigts.com\/index.php\/les-addictions\/","title":{"rendered":"Les Addictions"},"content":{"rendered":"\t\t<div data-elementor-type=\"wp-page\" data-elementor-id=\"1590\" class=\"elementor elementor-1590\">\n\t\t\t\t\t\t<section class=\"elementor-section elementor-top-section elementor-element elementor-element-6422306 elementor-section-boxed elementor-section-height-default elementor-section-height-default\" data-id=\"6422306\" data-element_type=\"section\">\n\t\t\t\t\t\t<div class=\"elementor-container elementor-column-gap-default\">\n\t\t\t\t\t<div class=\"elementor-column elementor-col-100 elementor-top-column elementor-element elementor-element-f1bb7b0\" data-id=\"f1bb7b0\" data-element_type=\"column\">\n\t\t\t<div class=\"elementor-widget-wrap elementor-element-populated\">\n\t\t\t\t\t\t<div class=\"elementor-element elementor-element-e774898 elementor-widget elementor-widget-text-editor\" data-id=\"e774898\" data-element_type=\"widget\" data-widget_type=\"text-editor.default\">\n\t\t\t\t<div class=\"elementor-widget-container\">\n\t\t\t<style>\/*! elementor - v3.19.0 - 29-01-2024 *\/\n.elementor-widget-text-editor.elementor-drop-cap-view-stacked .elementor-drop-cap{background-color:#69727d;color:#fff}.elementor-widget-text-editor.elementor-drop-cap-view-framed .elementor-drop-cap{color:#69727d;border:3px solid;background-color:transparent}.elementor-widget-text-editor:not(.elementor-drop-cap-view-default) .elementor-drop-cap{margin-top:8px}.elementor-widget-text-editor:not(.elementor-drop-cap-view-default) .elementor-drop-cap-letter{width:1em;height:1em}.elementor-widget-text-editor .elementor-drop-cap{float:left;text-align:center;line-height:1;font-size:50px}.elementor-widget-text-editor .elementor-drop-cap-letter{display:inline-block}<\/style>\t\t\t\t<p>Les Addictions<\/p>\t\t\t\t\t\t<\/div>\n\t\t\t\t<\/div>\n\t\t\t\t\t<\/div>\n\t\t<\/div>\n\t\t\t\t\t<\/div>\n\t\t<\/section>\n\t\t\t\t<section class=\"elementor-section elementor-top-section elementor-element elementor-element-de17453 elementor-section-boxed elementor-section-height-default elementor-section-height-default\" data-id=\"de17453\" data-element_type=\"section\">\n\t\t\t\t\t\t<div class=\"elementor-container elementor-column-gap-default\">\n\t\t\t\t\t<div class=\"elementor-column elementor-col-100 elementor-top-column elementor-element elementor-element-a847a95\" data-id=\"a847a95\" data-element_type=\"column\">\n\t\t\t<div class=\"elementor-widget-wrap elementor-element-populated\">\n\t\t\t\t\t\t<div class=\"elementor-element elementor-element-e68437b elementor-widget elementor-widget-text-editor\" data-id=\"e68437b\" data-element_type=\"widget\" data-widget_type=\"text-editor.default\">\n\t\t\t\t<div class=\"elementor-widget-container\">\n\t\t\t\t\t\t\t<p>Qu&rsquo;est ce qu&rsquo;une addiction ?\u00a0<\/p>\t\t\t\t\t\t<\/div>\n\t\t\t\t<\/div>\n\t\t\t\t\t<\/div>\n\t\t<\/div>\n\t\t\t\t\t<\/div>\n\t\t<\/section>\n\t\t\t\t<section class=\"elementor-section elementor-top-section elementor-element elementor-element-790d49d elementor-section-boxed elementor-section-height-default elementor-section-height-default\" data-id=\"790d49d\" data-element_type=\"section\">\n\t\t\t\t\t\t<div class=\"elementor-container elementor-column-gap-default\">\n\t\t\t\t\t<div class=\"elementor-column elementor-col-100 elementor-top-column elementor-element elementor-element-e578809\" data-id=\"e578809\" data-element_type=\"column\">\n\t\t\t<div class=\"elementor-widget-wrap elementor-element-populated\">\n\t\t\t\t\t\t<div class=\"elementor-element elementor-element-db5c157 elementor-widget elementor-widget-text-editor\" data-id=\"db5c157\" data-element_type=\"widget\" data-widget_type=\"text-editor.default\">\n\t\t\t\t<div class=\"elementor-widget-container\">\n\t\t\t\t\t\t\t<p>Une addiction est d\u00e9finie par une d\u00e9pendance \u00e0 une substance ou \u00e0 une activit\u00e9, avec des cons\u00e9quences nuisibles \u00e0 la sant\u00e9. La d\u00e9pendance se caract\u00e9rise par un d\u00e9sir souvent puissant, voir compulsif, de consommer ou de pratiquer une activit\u00e9.<\/p>\t\t\t\t\t\t<\/div>\n\t\t\t\t<\/div>\n\t\t\t\t\t<\/div>\n\t\t<\/div>\n\t\t\t\t\t<\/div>\n\t\t<\/section>\n\t\t\t\t<section class=\"elementor-section elementor-top-section elementor-element elementor-element-c62263e elementor-section-boxed elementor-section-height-default elementor-section-height-default\" data-id=\"c62263e\" data-element_type=\"section\">\n\t\t\t\t\t\t<div class=\"elementor-container elementor-column-gap-default\">\n\t\t\t\t\t<div class=\"elementor-column elementor-col-100 elementor-top-column elementor-element elementor-element-358c288\" data-id=\"358c288\" data-element_type=\"column\">\n\t\t\t<div class=\"elementor-widget-wrap elementor-element-populated\">\n\t\t\t\t\t\t<div class=\"elementor-element elementor-element-eff4c7a elementor-widget elementor-widget-text-editor\" data-id=\"eff4c7a\" data-element_type=\"widget\" data-widget_type=\"text-editor.default\">\n\t\t\t\t<div class=\"elementor-widget-container\">\n\t\t\t\t\t\t\t<p>Il y a des addictions d&rsquo;origine EMOTIONNEL (lien affectif amoureux, emprise, traumatismes de l&rsquo;enfance, des chocs divers, etc) mais aussi des addictions aux m\u00e9dicaments, alcool, cigarettes, drogues..<\/p>\t\t\t\t\t\t<\/div>\n\t\t\t\t<\/div>\n\t\t\t\t\t<\/div>\n\t\t<\/div>\n\t\t\t\t\t<\/div>\n\t\t<\/section>\n\t\t\t\t<section class=\"elementor-section elementor-top-section elementor-element elementor-element-6aba11b elementor-section-boxed elementor-section-height-default elementor-section-height-default\" data-id=\"6aba11b\" data-element_type=\"section\">\n\t\t\t\t\t\t<div class=\"elementor-container elementor-column-gap-default\">\n\t\t\t\t\t<div class=\"elementor-column elementor-col-100 elementor-top-column elementor-element elementor-element-bacdd56\" data-id=\"bacdd56\" data-element_type=\"column\">\n\t\t\t<div class=\"elementor-widget-wrap elementor-element-populated\">\n\t\t\t\t\t\t<div class=\"elementor-element elementor-element-b1c5df9 elementor-widget elementor-widget-text-editor\" data-id=\"b1c5df9\" data-element_type=\"widget\" data-widget_type=\"text-editor.default\">\n\t\t\t\t<div class=\"elementor-widget-container\">\n\t\t\t\t\t\t\t<p>Les Trois types de d\u00e9pendance :\u00a0<\/p>\t\t\t\t\t\t<\/div>\n\t\t\t\t<\/div>\n\t\t\t\t\t<\/div>\n\t\t<\/div>\n\t\t\t\t\t<\/div>\n\t\t<\/section>\n\t\t\t\t<section class=\"elementor-section elementor-top-section elementor-element elementor-element-d95baf0 elementor-section-boxed elementor-section-height-default elementor-section-height-default\" data-id=\"d95baf0\" data-element_type=\"section\">\n\t\t\t\t\t\t<div class=\"elementor-container elementor-column-gap-default\">\n\t\t\t\t\t<div class=\"elementor-column elementor-col-100 elementor-top-column elementor-element elementor-element-b7fd589\" data-id=\"b7fd589\" data-element_type=\"column\">\n\t\t\t<div class=\"elementor-widget-wrap elementor-element-populated\">\n\t\t\t\t\t\t<div class=\"elementor-element elementor-element-5c20206 elementor-widget elementor-widget-text-editor\" data-id=\"5c20206\" data-element_type=\"widget\" data-widget_type=\"text-editor.default\">\n\t\t\t\t<div class=\"elementor-widget-container\">\n\t\t\t\t\t\t\t<ul><li>La d\u00e9pendance <strong><span style=\"color: #a94800;\">Psychologique<\/span><\/strong> : envie de consommer.<\/li><li>La d\u00e9pendance <strong><span style=\"color: #a94800;\">Physique<\/span><\/strong> : Caract\u00e9ris\u00e9e par le syndrome de manque (souffrance du corps).<\/li><li>La d\u00e9pendance <strong><span style=\"color: #a94800;\">Sociale<\/span><\/strong> : la vie sociale et relationnelle tourne autour de l&rsquo;objet de consommation.<\/li><\/ul>\t\t\t\t\t\t<\/div>\n\t\t\t\t<\/div>\n\t\t\t\t\t<\/div>\n\t\t<\/div>\n\t\t\t\t\t<\/div>\n\t\t<\/section>\n\t\t\t\t<section class=\"elementor-section elementor-top-section elementor-element elementor-element-f5c607d elementor-section-boxed elementor-section-height-default elementor-section-height-default\" data-id=\"f5c607d\" data-element_type=\"section\">\n\t\t\t\t\t\t<div class=\"elementor-container elementor-column-gap-default\">\n\t\t\t\t\t<div class=\"elementor-column elementor-col-100 elementor-top-column elementor-element elementor-element-5589bfa\" data-id=\"5589bfa\" data-element_type=\"column\">\n\t\t\t<div class=\"elementor-widget-wrap elementor-element-populated\">\n\t\t\t\t\t\t<div class=\"elementor-element elementor-element-0ce4398 elementor-widget elementor-widget-text-editor\" data-id=\"0ce4398\" data-element_type=\"widget\" data-widget_type=\"text-editor.default\">\n\t\t\t\t<div class=\"elementor-widget-container\">\n\t\t\t\t\t\t\t<p>Les symptomes du manque :\u00a0<\/p>\t\t\t\t\t\t<\/div>\n\t\t\t\t<\/div>\n\t\t\t\t\t<\/div>\n\t\t<\/div>\n\t\t\t\t\t<\/div>\n\t\t<\/section>\n\t\t\t\t<section class=\"elementor-section elementor-top-section elementor-element elementor-element-0d21f36 elementor-section-boxed elementor-section-height-default elementor-section-height-default\" data-id=\"0d21f36\" data-element_type=\"section\">\n\t\t\t\t\t\t<div class=\"elementor-container elementor-column-gap-default\">\n\t\t\t\t\t<div class=\"elementor-column elementor-col-100 elementor-top-column elementor-element elementor-element-b3803ad\" data-id=\"b3803ad\" data-element_type=\"column\">\n\t\t\t<div class=\"elementor-widget-wrap elementor-element-populated\">\n\t\t\t\t\t\t<div class=\"elementor-element elementor-element-35ed015 elementor-widget elementor-widget-text-editor\" data-id=\"35ed015\" data-element_type=\"widget\" data-widget_type=\"text-editor.default\">\n\t\t\t\t<div class=\"elementor-widget-container\">\n\t\t\t\t\t\t\t<p>Ils sont associ\u00e9s \u00e0 des sympt\u00f4mes physiques comme des douleurs (parfois intenses), des naus\u00e9es, des c\u00e9phal\u00e9es, des sueurs &#8230;<br \/>Et \/ ou un mal \u00eatre psychique comme l&rsquo;anxi\u00e9t\u00e9, l&rsquo;irritabilit\u00e9, des sympt\u00f4mes d\u00e9pressifs ou encore insomnies.<br \/>Chez les jeunes, nous pouvons parler de d\u00e9crochage scolaire, d&rsquo;agressivit\u00e9, de violence, de d\u00e9pression, d&rsquo;isolement et de vol d&rsquo;argent chez les parents.<\/p><p>Grace au progr\u00e8s des neurosciences, on sait que l&rsquo;addiction r\u00e9sulte d&rsquo;une perturbation progressive de certains rouages c\u00e9r\u00e9braux.<\/p>\t\t\t\t\t\t<\/div>\n\t\t\t\t<\/div>\n\t\t\t\t\t<\/div>\n\t\t<\/div>\n\t\t\t\t\t<\/div>\n\t\t<\/section>\n\t\t\t\t<section class=\"elementor-section elementor-top-section elementor-element elementor-element-f237435 elementor-section-boxed elementor-section-height-default elementor-section-height-default\" data-id=\"f237435\" data-element_type=\"section\">\n\t\t\t\t\t\t<div class=\"elementor-container elementor-column-gap-default\">\n\t\t\t\t\t<div class=\"elementor-column elementor-col-100 elementor-top-column elementor-element elementor-element-ab90c0f\" data-id=\"ab90c0f\" data-element_type=\"column\">\n\t\t\t<div class=\"elementor-widget-wrap elementor-element-populated\">\n\t\t\t\t\t\t<div class=\"elementor-element elementor-element-4033646 elementor-widget elementor-widget-text-editor\" data-id=\"4033646\" data-element_type=\"widget\" data-widget_type=\"text-editor.default\">\n\t\t\t\t<div class=\"elementor-widget-container\">\n\t\t\t\t\t\t\t<p>Pourquoi cette d\u00e9pendance ?\u00a0<\/p>\t\t\t\t\t\t<\/div>\n\t\t\t\t<\/div>\n\t\t\t\t\t<\/div>\n\t\t<\/div>\n\t\t\t\t\t<\/div>\n\t\t<\/section>\n\t\t\t\t<section class=\"elementor-section elementor-top-section elementor-element elementor-element-ee876d7 elementor-section-boxed elementor-section-height-default elementor-section-height-default\" data-id=\"ee876d7\" data-element_type=\"section\">\n\t\t\t\t\t\t<div class=\"elementor-container elementor-column-gap-default\">\n\t\t\t\t\t<div class=\"elementor-column elementor-col-100 elementor-top-column elementor-element elementor-element-83b0fc9\" data-id=\"83b0fc9\" data-element_type=\"column\">\n\t\t\t<div class=\"elementor-widget-wrap elementor-element-populated\">\n\t\t\t\t\t\t<div class=\"elementor-element elementor-element-058b0ea elementor-widget elementor-widget-text-editor\" data-id=\"058b0ea\" data-element_type=\"widget\" data-widget_type=\"text-editor.default\">\n\t\t\t\t<div class=\"elementor-widget-container\">\n\t\t\t\t\t\t\t<p>Pourquoi cette impossibilit\u00e9 de s&rsquo;abstenir de consommer un produit ou d&rsquo;avoir un comportement r\u00e9p\u00e9titif dommageable pour la sant\u00e9 et l&rsquo;environnement ? <br \/>Certains produits ont la capacit\u00e9 de stimuler, dans le cerveau, un syst\u00e8me de r\u00e9compense qui d\u00e9clenche la production de produits chimiques procurant au d\u00e9but du plaisir et ensuite un manque. Les comportements vont miner les m\u00eames effets pour stimuler le syst\u00eame de r\u00e9compense.<\/p>\t\t\t\t\t\t<\/div>\n\t\t\t\t<\/div>\n\t\t\t\t\t<\/div>\n\t\t<\/div>\n\t\t\t\t\t<\/div>\n\t\t<\/section>\n\t\t\t\t<section class=\"elementor-section elementor-top-section elementor-element elementor-element-a337369 elementor-section-boxed elementor-section-height-default elementor-section-height-default\" data-id=\"a337369\" data-element_type=\"section\">\n\t\t\t\t\t\t<div class=\"elementor-container elementor-column-gap-default\">\n\t\t\t\t\t<div class=\"elementor-column elementor-col-100 elementor-top-column elementor-element elementor-element-a73bf8f\" data-id=\"a73bf8f\" data-element_type=\"column\">\n\t\t\t<div class=\"elementor-widget-wrap elementor-element-populated\">\n\t\t\t\t\t\t<div class=\"elementor-element elementor-element-4c9f717 elementor-widget elementor-widget-text-editor\" data-id=\"4c9f717\" data-element_type=\"widget\" data-widget_type=\"text-editor.default\">\n\t\t\t\t<div class=\"elementor-widget-container\">\n\t\t\t\t\t\t\t<p>Quel est le lien entre l&rsquo;addiction et le trauma ?\u00a0<\/p>\t\t\t\t\t\t<\/div>\n\t\t\t\t<\/div>\n\t\t\t\t\t<\/div>\n\t\t<\/div>\n\t\t\t\t\t<\/div>\n\t\t<\/section>\n\t\t\t\t<section class=\"elementor-section elementor-top-section elementor-element elementor-element-f46209f elementor-section-boxed elementor-section-height-default elementor-section-height-default\" data-id=\"f46209f\" data-element_type=\"section\">\n\t\t\t\t\t\t<div class=\"elementor-container elementor-column-gap-default\">\n\t\t\t\t\t<div class=\"elementor-column elementor-col-100 elementor-top-column elementor-element elementor-element-63d3242\" data-id=\"63d3242\" data-element_type=\"column\">\n\t\t\t<div class=\"elementor-widget-wrap elementor-element-populated\">\n\t\t\t\t\t\t<div class=\"elementor-element elementor-element-62f1334 elementor-widget elementor-widget-text-editor\" data-id=\"62f1334\" data-element_type=\"widget\" data-widget_type=\"text-editor.default\">\n\t\t\t\t<div class=\"elementor-widget-container\">\n\t\t\t\t\t\t\t<p>Le lien entre l&rsquo;addiction et le psycho-traumatisme n&rsquo;est effectivement plus \u00e0 d\u00e9montrer. La pr\u00e9sence d&rsquo;un stress post-traumatique chez les individus, constitue un terrain propice au d\u00e9veloppement de trouble et de l&rsquo;usage de substances psychoactives. Reconna\u00eetre et comprendre le lien entre psycho-traumatisme et addiction est essentiel dans l&rsquo;accompagnement des personnes en souffrance.<\/p>\t\t\t\t\t\t<\/div>\n\t\t\t\t<\/div>\n\t\t\t\t\t<\/div>\n\t\t<\/div>\n\t\t\t\t\t<\/div>\n\t\t<\/section>\n\t\t\t\t<section class=\"elementor-section elementor-top-section elementor-element elementor-element-9adc047 elementor-section-boxed elementor-section-height-default elementor-section-height-default\" data-id=\"9adc047\" data-element_type=\"section\">\n\t\t\t\t\t\t<div class=\"elementor-container elementor-column-gap-default\">\n\t\t\t\t\t<div class=\"elementor-column elementor-col-100 elementor-top-column elementor-element elementor-element-d2260b5\" data-id=\"d2260b5\" data-element_type=\"column\">\n\t\t\t<div class=\"elementor-widget-wrap elementor-element-populated\">\n\t\t\t\t\t\t<div class=\"elementor-element elementor-element-b2a37cb elementor-widget elementor-widget-text-editor\" data-id=\"b2a37cb\" data-element_type=\"widget\" data-widget_type=\"text-editor.default\">\n\t\t\t\t<div class=\"elementor-widget-container\">\n\t\t\t\t\t\t\t<p>Le psycho-traumatisme est identifi\u00e9 chez l&rsquo;humain comme un \u00e9v\u00e8nement stressant ou traumatique tels que des situations de guerre, accidents, catastrophes naturelles, violences verbales, physiques, sexuelles&#8230; Un \u00e9tat de stress aigu peut \u00e9voluer vers un trouble de stress post traumatique (TSPT) caract\u00e9ris\u00e9 par : <br \/>&#8211; <strong>DES SYMPTOMES D&rsquo;INTRUSIONS<\/strong> (cauchemars, flashbacks).<br \/>&#8211; <strong>DES<\/strong> <strong>EVITEMENTS<\/strong> : de tout ce qui peut rappeler l&rsquo;\u00e9v\u00e8nement traumatique.<br \/>&#8211; <strong>UNE ALTERATION NEGATIVE DE LA COGNITION ET DE L&rsquo;HUMEUR<\/strong>\u00a0 (d\u00e9tachement, d\u00e9sint\u00e9r\u00eat, d\u00e9pression..).<br \/>&#8211; <strong>UNE<\/strong> <strong>MODIFICATION DE L&rsquo;EVEIL ET DE LA REACTIVITE<\/strong> (hyperactivit\u00e9, sursaut, engourdissement ..).<\/p>\t\t\t\t\t\t<\/div>\n\t\t\t\t<\/div>\n\t\t\t\t\t<\/div>\n\t\t<\/div>\n\t\t\t\t\t<\/div>\n\t\t<\/section>\n\t\t\t\t<section class=\"elementor-section elementor-top-section elementor-element elementor-element-ed17904 elementor-section-boxed elementor-section-height-default elementor-section-height-default\" data-id=\"ed17904\" data-element_type=\"section\">\n\t\t\t\t\t\t<div class=\"elementor-container elementor-column-gap-default\">\n\t\t\t\t\t<div class=\"elementor-column elementor-col-100 elementor-top-column elementor-element elementor-element-bd85e95\" data-id=\"bd85e95\" data-element_type=\"column\">\n\t\t\t<div class=\"elementor-widget-wrap elementor-element-populated\">\n\t\t\t\t\t\t<div class=\"elementor-element elementor-element-348f54d elementor-widget elementor-widget-text-editor\" data-id=\"348f54d\" data-element_type=\"widget\" data-widget_type=\"text-editor.default\">\n\t\t\t\t<div class=\"elementor-widget-container\">\n\t\t\t\t\t\t\t<p>Les conduites addictives constituent le trouble le plus fr\u00e9quemment observ\u00e9 chez les personnes ayant subit un traumatisme. En particulier chez les individus ayant v\u00e9cu des \u00e9v\u00e8nements traumatiques dans leur enfance.<\/p>\t\t\t\t\t\t<\/div>\n\t\t\t\t<\/div>\n\t\t\t\t\t<\/div>\n\t\t<\/div>\n\t\t\t\t\t<\/div>\n\t\t<\/section>\n\t\t\t\t<section class=\"elementor-section elementor-top-section elementor-element elementor-element-d084eb9 elementor-section-boxed elementor-section-height-default elementor-section-height-default\" data-id=\"d084eb9\" data-element_type=\"section\">\n\t\t\t\t\t\t<div class=\"elementor-container elementor-column-gap-default\">\n\t\t\t\t\t<div class=\"elementor-column elementor-col-100 elementor-top-column elementor-element elementor-element-d5906c6\" data-id=\"d5906c6\" data-element_type=\"column\">\n\t\t\t<div class=\"elementor-widget-wrap elementor-element-populated\">\n\t\t\t\t\t\t<div class=\"elementor-element elementor-element-792d811 elementor-widget elementor-widget-text-editor\" data-id=\"792d811\" data-element_type=\"widget\" data-widget_type=\"text-editor.default\">\n\t\t\t\t<div class=\"elementor-widget-container\">\n\t\t\t\t\t\t\t<p>Quel sont vos besoins aujourd&rsquo;hui ?\u00a0<\/p>\t\t\t\t\t\t<\/div>\n\t\t\t\t<\/div>\n\t\t\t\t\t<\/div>\n\t\t<\/div>\n\t\t\t\t\t<\/div>\n\t\t<\/section>\n\t\t\t\t<section class=\"elementor-section elementor-top-section elementor-element elementor-element-0190ed0 elementor-section-boxed elementor-section-height-default elementor-section-height-default\" data-id=\"0190ed0\" data-element_type=\"section\">\n\t\t\t\t\t\t<div class=\"elementor-container elementor-column-gap-default\">\n\t\t\t\t\t<div class=\"elementor-column elementor-col-100 elementor-top-column elementor-element elementor-element-823d6e1\" data-id=\"823d6e1\" data-element_type=\"column\">\n\t\t\t<div class=\"elementor-widget-wrap elementor-element-populated\">\n\t\t\t\t\t\t<div class=\"elementor-element elementor-element-f9c9abc elementor-widget elementor-widget-text-editor\" data-id=\"f9c9abc\" data-element_type=\"widget\" data-widget_type=\"text-editor.default\">\n\t\t\t\t<div class=\"elementor-widget-container\">\n\t\t\t\t\t\t\t<p>Avez vous besoin de comprendre ce qui vous arrive ? Etes vous pr\u00eat \u00e0 faire ce chemin pour vous lib\u00e9rer ?<br \/>Je vous accompagne dans la bienveillance et \u00e0 votre rythme. Il est important que vous vous respectiez dans cette d\u00e9marche. Vous \u00eates les seuls \u00e0 conna\u00eetre vos besoins. Je vous aide \u00e0 comprendre ce qui vous conduit vers cette addiction. Nous \u00e9changerons sur ce qui se produit dans les moments difficiles. Quel est le d\u00e9clencheur et o\u00f9 se situe la source de ce que vous vivez?<\/p><p>J&rsquo;utilise mes connaissances, mes capacit\u00e9s de guidance, mes ressentis, mes oracles pour vous accompagner dans votre cheminement. Plusieurs s\u00e9ances sont parfois n\u00e9cessaires pour poser des mots et acc\u00e8der \u00e0 la source.<\/p>\t\t\t\t\t\t<\/div>\n\t\t\t\t<\/div>\n\t\t\t\t\t<\/div>\n\t\t<\/div>\n\t\t\t\t\t<\/div>\n\t\t<\/section>\n\t\t\t\t<section class=\"elementor-section elementor-top-section elementor-element elementor-element-baec894 elementor-section-boxed elementor-section-height-default elementor-section-height-default\" data-id=\"baec894\" data-element_type=\"section\">\n\t\t\t\t\t\t<div class=\"elementor-container elementor-column-gap-default\">\n\t\t\t\t\t<div class=\"elementor-column elementor-col-100 elementor-top-column elementor-element elementor-element-051e1c6\" data-id=\"051e1c6\" data-element_type=\"column\">\n\t\t\t<div class=\"elementor-widget-wrap elementor-element-populated\">\n\t\t\t\t\t\t<div class=\"elementor-element elementor-element-23660aa elementor-align-center elementor-widget elementor-widget-button\" data-id=\"23660aa\" data-element_type=\"widget\" data-widget_type=\"button.default\">\n\t\t\t\t<div class=\"elementor-widget-container\">\n\t\t\t\t\t<div class=\"elementor-button-wrapper\">\n\t\t\t<a class=\"elementor-button elementor-button-link elementor-size-sm\" href=\"https:\/\/www.aubout-desdoigts.com\/index.php\/tarifs\/\">\n\t\t\t\t\t\t<span class=\"elementor-button-content-wrapper\">\n\t\t\t\t\t\t<span class=\"elementor-button-text\">Mes tarifs<\/span>\n\t\t<\/span>\n\t\t\t\t\t<\/a>\n\t\t<\/div>\n\t\t\t\t<\/div>\n\t\t\t\t<\/div>\n\t\t\t\t\t<\/div>\n\t\t<\/div>\n\t\t\t\t\t<\/div>\n\t\t<\/section>\n\t\t\t\t<\/div>\n\t\t","protected":false},"excerpt":{"rendered":"<p>Les Addictions Qu&rsquo;est ce qu&rsquo;une addiction ?\u00a0 Une addiction est d\u00e9finie par une d\u00e9pendance \u00e0 une substance ou \u00e0 une activit\u00e9, avec des cons\u00e9quences nuisibles \u00e0 la sant\u00e9. La d\u00e9pendance se caract\u00e9rise par un d\u00e9sir souvent puissant, voir compulsif, de consommer ou de pratiquer une activit\u00e9. Il y a des addictions d&rsquo;origine EMOTIONNEL (lien affectif [&hellip;]<\/p>\n","protected":false},"author":1,"featured_media":0,"parent":0,"menu_order":0,"comment_status":"closed","ping_status":"closed","template":"","meta":{"footnotes":""},"class_list":["post-1590","page","type-page","status-publish","hentry","entry"],"aioseo_notices":[],"_links":{"self":[{"href":"https:\/\/www.aubout-desdoigts.com\/index.php\/wp-json\/wp\/v2\/pages\/1590","targetHints":{"allow":["GET"]}}],"collection":[{"href":"https:\/\/www.aubout-desdoigts.com\/index.php\/wp-json\/wp\/v2\/pages"}],"about":[{"href":"https:\/\/www.aubout-desdoigts.com\/index.php\/wp-json\/wp\/v2\/types\/page"}],"author":[{"embeddable":true,"href":"https:\/\/www.aubout-desdoigts.com\/index.php\/wp-json\/wp\/v2\/users\/1"}],"replies":[{"embeddable":true,"href":"https:\/\/www.aubout-desdoigts.com\/index.php\/wp-json\/wp\/v2\/comments?post=1590"}],"version-history":[{"count":151,"href":"https:\/\/www.aubout-desdoigts.com\/index.php\/wp-json\/wp\/v2\/pages\/1590\/revisions"}],"predecessor-version":[{"id":2132,"href":"https:\/\/www.aubout-desdoigts.com\/index.php\/wp-json\/wp\/v2\/pages\/1590\/revisions\/2132"}],"wp:attachment":[{"href":"https:\/\/www.aubout-desdoigts.com\/index.php\/wp-json\/wp\/v2\/media?parent=1590"}],"curies":[{"name":"wp","href":"https:\/\/api.w.org\/{rel}","templated":true}]}}